{"id":1787,"date":"2024-01-07T15:58:27","date_gmt":"2024-01-07T14:58:27","guid":{"rendered":"https:\/\/gil-photo.com\/?page_id=1787"},"modified":"2025-07-22T14:13:54","modified_gmt":"2025-07-22T12:13:54","slug":"copyright","status":"publish","type":"page","link":"https:\/\/gil-photo.com\/index.php\/copyright\/","title":{"rendered":"Copyright"},"content":{"rendered":"\t\t<div data-elementor-type=\"wp-page\" data-elementor-id=\"1787\" class=\"elementor elementor-1787\">\n\t\t\t\t\t\t<section class=\"elementor-section elementor-top-section elementor-element elementor-element-831ac4f elementor-section-boxed elementor-section-height-default elementor-section-height-default\" data-id=\"831ac4f\" data-element_type=\"section\" data-e-type=\"section\">\n\t\t\t\t\t\t<div class=\"elementor-container elementor-column-gap-default\">\n\t\t\t\t\t<div class=\"elementor-column elementor-col-100 elementor-top-column elementor-element elementor-element-4266266\" data-id=\"4266266\" data-element_type=\"column\" data-e-type=\"column\">\n\t\t\t<div class=\"elementor-widget-wrap elementor-element-populated\">\n\t\t\t\t\t\t<div class=\"elementor-element elementor-element-a31357c elementor-widget elementor-widget-spacer\" data-id=\"a31357c\" data-element_type=\"widget\" data-e-type=\"widget\" data-widget_type=\"spacer.default\">\n\t\t\t\t<div class=\"elementor-widget-container\">\n\t\t\t\t\t\t\t<div class=\"elementor-spacer\">\n\t\t\t<div class=\"elementor-spacer-inner\"><\/div>\n\t\t<\/div>\n\t\t\t\t\t\t<\/div>\n\t\t\t\t<\/div>\n\t\t\t\t<div class=\"elementor-element elementor-element-4867db3 elementor-widget elementor-widget-heading\" data-id=\"4867db3\" data-element_type=\"widget\" data-e-type=\"widget\" data-widget_type=\"heading.default\">\n\t\t\t\t<div class=\"elementor-widget-container\">\n\t\t\t\t\t<h1 class=\"elementor-heading-title elementor-size-default\">Mentions l\u00e9gales<\/h1>\t\t\t\t<\/div>\n\t\t\t\t<\/div>\n\t\t\t\t<div class=\"elementor-element elementor-element-2be71e3 elementor-widget elementor-widget-text-editor\" data-id=\"2be71e3\" data-element_type=\"widget\" data-e-type=\"widget\" data-widget_type=\"text-editor.default\">\n\t\t\t\t<div class=\"elementor-widget-container\">\n\t\t\t\t\t\t\t\t\t<p class=\"p1\">\u00c9diteur : Gilles Michel artiste auteur photographe<\/p><p class=\"p1\">Responsable r\u00e9dactionnel : Gilles MICHEL<\/p><p class=\"p1\">12 rue Philibert de la Mare &#8211;\u00a0<span style=\"font-size: 16px;\">21000 Dijon<\/span><\/p><p class=\"p1\">T\u00e9l : 06 67 85 00 67<\/p><p class=\"p1\">SIRET : 44445254400026<\/p><p class=\"p1\">Cr\u00e9ation artistique relevant des arts plastiques (9003A)<\/p><p class=\"p1\">Affili\u00e9 \u00e0 L\u2019URSSAF<\/p><p class=\"p1\">Conception cr\u00e9ation et\u00a0d\u00e9veloppement du site\u00a0:\u00a0<a href=\"http:\/\/srudiozooloo.com\">studio zooloo communication<\/a><\/p><p class=\"p1\">H\u00e9bergement : OVH 2 rue Kellermann &#8211; 59100 Roubaix &#8211; France<\/p>\t\t\t\t\t\t\t\t<\/div>\n\t\t\t\t<\/div>\n\t\t\t\t\t<\/div>\n\t\t<\/div>\n\t\t\t\t\t<\/div>\n\t\t<\/section>\n\t\t\t\t<\/div>\n\t\t","protected":false},"excerpt":{"rendered":"<p>Mentions l\u00e9gales \u00c9diteur : Gilles Michel artiste auteur photographe Responsable r\u00e9dactionnel : Gilles MICHEL 12 rue Philibert de la Mare &#8211;\u00a021000 Dijon T\u00e9l : 06 67 85 00 67 SIRET : 44445254400026 Cr\u00e9ation artistique relevant des arts plastiques (9003A) Affili\u00e9 \u00e0 L\u2019URSSAF Conception cr\u00e9ation et\u00a0d\u00e9veloppement du site\u00a0:\u00a0studio zooloo communication H\u00e9bergement : OVH 2 rue Kellermann [&hellip;]<\/p>\n","protected":false},"author":1,"featured_media":0,"parent":0,"menu_order":0,"comment_status":"closed","ping_status":"closed","template":"","meta":{"_monsterinsights_skip_tracking":false,"_monsterinsights_sitenote_active":false,"_monsterinsights_sitenote_note":"","_monsterinsights_sitenote_category":0,"site-sidebar-layout":"no-sidebar","site-content-layout":"page-builder","ast-site-content-layout":"default","site-content-style":"default","site-sidebar-style":"default","ast-global-header-display":"","ast-banner-title-visibility":"","ast-main-header-display":"","ast-hfb-above-header-display":"","ast-hfb-below-header-display":"","ast-hfb-mobile-header-display":"","site-post-title":"disabled","ast-breadcrumbs-content":"","ast-featured-img":"disabled","footer-sml-layout":"","theme-transparent-header-meta":"","adv-header-id-meta":"","stick-header-meta":"","header-above-stick-meta":"","header-main-stick-meta":"","header-below-stick-meta":"","astra-migrate-meta-layouts":"default","ast-page-background-enabled":"default","ast-page-background-meta":{"desktop":{"background-color":"var(--ast-global-color-4)","background-image":"","background-repeat":"repeat","background-position":"center center","background-size":"auto","background-attachment":"scroll","background-type":"","background-media":"","overlay-type":"","overlay-color":"","overlay-opacity":"","overlay-gradient":""},"tablet":{"background-color":"","background-image":"","background-repeat":"repeat","background-position":"center center","background-size":"auto","background-attachment":"scroll","background-type":"","background-media":"","overlay-type":"","overlay-color":"","overlay-opacity":"","overlay-gradient":""},"mobile":{"background-color":"","background-image":"","background-repeat":"repeat","background-position":"center center","background-size":"auto","background-attachment":"scroll","background-type":"","background-media":"","overlay-type":"","overlay-color":"","overlay-opacity":"","overlay-gradient":""}},"ast-content-background-meta":{"desktop":{"background-color":"var(--ast-global-color-5)","background-image":"","background-repeat":"repeat","background-position":"center center","background-size":"auto","background-attachment":"scroll","background-type":"","background-media":"","overlay-type":"","overlay-color":"","overlay-opacity":"","overlay-gradient":""},"tablet":{"background-color":"var(--ast-global-color-5)","background-image":"","background-repeat":"repeat","background-position":"center center","background-size":"auto","background-attachment":"scroll","background-type":"","background-media":"","overlay-type":"","overlay-color":"","overlay-opacity":"","overlay-gradient":""},"mobile":{"background-color":"var(--ast-global-color-5)","background-image":"","background-repeat":"repeat","background-position":"center center","background-size":"auto","background-attachment":"scroll","background-type":"","background-media":"","overlay-type":"","overlay-color":"","overlay-opacity":"","overlay-gradient":""}},"footnotes":""},"class_list":["post-1787","page","type-page","status-publish","hentry"],"yoast_head":"<!-- This site is optimized with the Yoast SEO plugin v27.0 - https:\/\/yoast.com\/product\/yoast-seo-wordpress\/ -->\n<title>Copyright - GILLES MICHEL<\/title>\n<meta name=\"robots\" content=\"index, follow, max-snippet:-1, max-image-preview:large, max-video-preview:-1\" \/>\n<link rel=\"canonical\" href=\"https:\/\/gil-photo.com\/index.php\/copyright\/\" \/>\n<meta property=\"og:locale\" content=\"fr_FR\" \/>\n<meta property=\"og:type\" content=\"article\" \/>\n<meta property=\"og:title\" content=\"Copyright - GILLES MICHEL\" \/>\n<meta property=\"og:description\" content=\"Mentions l\u00e9gales \u00c9diteur : Gilles Michel artiste auteur photographe Responsable r\u00e9dactionnel : Gilles MICHEL 12 rue Philibert de la Mare &#8211;\u00a021000 Dijon T\u00e9l : 06 67 85 00 67 SIRET : 44445254400026 Cr\u00e9ation artistique relevant des arts plastiques (9003A) Affili\u00e9 \u00e0 L\u2019URSSAF Conception cr\u00e9ation et\u00a0d\u00e9veloppement du site\u00a0:\u00a0studio zooloo communication H\u00e9bergement : OVH 2 rue Kellermann [&hellip;]\" \/>\n<meta property=\"og:url\" content=\"https:\/\/gil-photo.com\/index.php\/copyright\/\" \/>\n<meta property=\"og:site_name\" content=\"GILLES MICHEL\" \/>\n<meta property=\"article:modified_time\" content=\"2025-07-22T12:13:54+00:00\" \/>\n<meta name=\"twitter:card\" content=\"summary_large_image\" \/>\n<meta name=\"twitter:label1\" content=\"Dur\u00e9e de lecture estim\u00e9e\" \/>\n\t<meta name=\"twitter:data1\" content=\"1 minute\" \/>\n<script type=\"application\/ld+json\" class=\"yoast-schema-graph\">{\"@context\":\"https:\/\/schema.org\",\"@graph\":[{\"@type\":\"WebPage\",\"@id\":\"https:\/\/gil-photo.com\/index.php\/copyright\/\",\"url\":\"https:\/\/gil-photo.com\/index.php\/copyright\/\",\"name\":\"Copyright - GILLES MICHEL\",\"isPartOf\":{\"@id\":\"https:\/\/gil-photo.com\/#website\"},\"datePublished\":\"2024-01-07T14:58:27+00:00\",\"dateModified\":\"2025-07-22T12:13:54+00:00\",\"breadcrumb\":{\"@id\":\"https:\/\/gil-photo.com\/index.php\/copyright\/#breadcrumb\"},\"inLanguage\":\"fr-FR\",\"potentialAction\":[{\"@type\":\"ReadAction\",\"target\":[\"https:\/\/gil-photo.com\/index.php\/copyright\/\"]}]},{\"@type\":\"BreadcrumbList\",\"@id\":\"https:\/\/gil-photo.com\/index.php\/copyright\/#breadcrumb\",\"itemListElement\":[{\"@type\":\"ListItem\",\"position\":1,\"name\":\"Accueil\",\"item\":\"https:\/\/gil-photo.com\/\"},{\"@type\":\"ListItem\",\"position\":2,\"name\":\"Copyright\"}]},{\"@type\":\"WebSite\",\"@id\":\"https:\/\/gil-photo.com\/#website\",\"url\":\"https:\/\/gil-photo.com\/\",\"name\":\"GILLES MICHEL\",\"description\":\"Photographies\",\"potentialAction\":[{\"@type\":\"SearchAction\",\"target\":{\"@type\":\"EntryPoint\",\"urlTemplate\":\"https:\/\/gil-photo.com\/?s={search_term_string}\"},\"query-input\":{\"@type\":\"PropertyValueSpecification\",\"valueRequired\":true,\"valueName\":\"search_term_string\"}}],\"inLanguage\":\"fr-FR\"}]}<\/script>\n<!-- \/ Yoast SEO plugin. -->","yoast_head_json":{"title":"Copyright - GILLES MICHEL","robots":{"index":"index","follow":"follow","max-snippet":"max-snippet:-1","max-image-preview":"max-image-preview:large","max-video-preview":"max-video-preview:-1"},"canonical":"https:\/\/gil-photo.com\/index.php\/copyright\/","og_locale":"fr_FR","og_type":"article","og_title":"Copyright - GILLES MICHEL","og_description":"Mentions l\u00e9gales \u00c9diteur : Gilles Michel artiste auteur photographe Responsable r\u00e9dactionnel : Gilles MICHEL 12 rue Philibert de la Mare &#8211;\u00a021000 Dijon T\u00e9l : 06 67 85 00 67 SIRET : 44445254400026 Cr\u00e9ation artistique relevant des arts plastiques (9003A) Affili\u00e9 \u00e0 L\u2019URSSAF Conception cr\u00e9ation et\u00a0d\u00e9veloppement du site\u00a0:\u00a0studio zooloo communication H\u00e9bergement : OVH 2 rue Kellermann [&hellip;]","og_url":"https:\/\/gil-photo.com\/index.php\/copyright\/","og_site_name":"GILLES MICHEL","article_modified_time":"2025-07-22T12:13:54+00:00","twitter_card":"summary_large_image","twitter_misc":{"Dur\u00e9e de lecture estim\u00e9e":"1 minute"},"schema":{"@context":"https:\/\/schema.org","@graph":[{"@type":"WebPage","@id":"https:\/\/gil-photo.com\/index.php\/copyright\/","url":"https:\/\/gil-photo.com\/index.php\/copyright\/","name":"Copyright - GILLES MICHEL","isPartOf":{"@id":"https:\/\/gil-photo.com\/#website"},"datePublished":"2024-01-07T14:58:27+00:00","dateModified":"2025-07-22T12:13:54+00:00","breadcrumb":{"@id":"https:\/\/gil-photo.com\/index.php\/copyright\/#breadcrumb"},"inLanguage":"fr-FR","potentialAction":[{"@type":"ReadAction","target":["https:\/\/gil-photo.com\/index.php\/copyright\/"]}]},{"@type":"BreadcrumbList","@id":"https:\/\/gil-photo.com\/index.php\/copyright\/#breadcrumb","itemListElement":[{"@type":"ListItem","position":1,"name":"Accueil","item":"https:\/\/gil-photo.com\/"},{"@type":"ListItem","position":2,"name":"Copyright"}]},{"@type":"WebSite","@id":"https:\/\/gil-photo.com\/#website","url":"https:\/\/gil-photo.com\/","name":"GILLES MICHEL","description":"Photographies","potentialAction":[{"@type":"SearchAction","target":{"@type":"EntryPoint","urlTemplate":"https:\/\/gil-photo.com\/?s={search_term_string}"},"query-input":{"@type":"PropertyValueSpecification","valueRequired":true,"valueName":"search_term_string"}}],"inLanguage":"fr-FR"}]}},"_links":{"self":[{"href":"https:\/\/gil-photo.com\/index.php\/wp-json\/wp\/v2\/pages\/1787","targetHints":{"allow":["GET"]}}],"collection":[{"href":"https:\/\/gil-photo.com\/index.php\/wp-json\/wp\/v2\/pages"}],"about":[{"href":"https:\/\/gil-photo.com\/index.php\/wp-json\/wp\/v2\/types\/page"}],"author":[{"embeddable":true,"href":"https:\/\/gil-photo.com\/index.php\/wp-json\/wp\/v2\/users\/1"}],"replies":[{"embeddable":true,"href":"https:\/\/gil-photo.com\/index.php\/wp-json\/wp\/v2\/comments?post=1787"}],"version-history":[{"count":17,"href":"https:\/\/gil-photo.com\/index.php\/wp-json\/wp\/v2\/pages\/1787\/revisions"}],"predecessor-version":[{"id":3191,"href":"https:\/\/gil-photo.com\/index.php\/wp-json\/wp\/v2\/pages\/1787\/revisions\/3191"}],"wp:attachment":[{"href":"https:\/\/gil-photo.com\/index.php\/wp-json\/wp\/v2\/media?parent=1787"}],"curies":[{"name":"wp","href":"https:\/\/api.w.org\/{rel}","templated":true}]}}